{"id":927,"date":"2025-08-26T14:12:26","date_gmt":"2025-08-26T12:12:26","guid":{"rendered":"https:\/\/littlediamonds.es\/?page_id=927"},"modified":"2025-08-26T14:46:08","modified_gmt":"2025-08-26T12:46:08","slug":"politica-de-cookies","status":"publish","type":"page","link":"https:\/\/littlediamonds.es\/en\/politica-de-cookies\/","title":{"rendered":"Cookie Policy\u00a0"},"content":{"rendered":"<div class=\"wp-block-stackable-heading stk-block-heading stk-block-heading--v2 stk-block stk-d93f79d\" id=\"politica-de-cookies\" data-block-id=\"d93f79d\"><style>.stk-d93f79d {min-height:var(--stk--preset--block-height--none, 0px) !important;align-items:flex-end !important;padding-top:0% !important;padding-right:0% !important;padding-bottom:0% !important;padding-left:0% !important;margin-top:var(--stk--preset--spacing--none, 0px) !important;margin-right:var(--stk--preset--spacing--none, 0px) !important;margin-bottom:var(--stk--preset--spacing--none, 0px) !important;margin-left:var(--stk--preset--spacing--none, 0px) !important;display:flex !important;}.stk-d93f79d .stk-block-heading__text{font-size:var(--stk--preset--font-size--large, var(--global-font-size-large)) !important;color:var(--global-palette6, var(--global-palette6)) !important;font-weight:400 !important;font-family:\"Playfair\", Sans-serif !important;}@media screen and (max-width: 1023px){.stk-d93f79d .stk-block-heading__text{font-size:var(--stk--preset--font-size--large, var(--global-font-size-large)) !important;}}@media screen and (max-width: 767px){.stk-d93f79d .stk-block-heading__text{font-size:23px !important;}}<\/style><h1 class=\"stk-block-heading__text has-text-color has-text-align-center\">Cookie Policy\u00a0<\/h1><\/div>\n\n\n\n<div style=\"height:50px\" aria-hidden=\"true\" class=\"wp-block-spacer\"><\/div>\n\n\n\n<div class=\"wp-block-stackable-text stk-block-text stk-block stk-c72ee18\" data-block-id=\"c72ee18\"><style>.stk-c72ee18 {column-count:1 !important;margin-bottom:0px !important;}.stk-c72ee18 .stk-block-text__text{font-size:var(--stk--preset--font-size--medium, var(--global-font-size-medium)) !important;color:var(--global-palette6, var(--global-palette6)) !important;}@media screen and (max-width: 1023px){.stk-c72ee18 .stk-block-text__text{font-size:var(--stk--preset--font-size--medium, var(--global-font-size-medium)) !important;}}@media screen and (max-width: 767px){.stk-c72ee18 {column-count:1 !important;}}<\/style><p class=\"stk-block-text__text has-text-color has-text-align-center-mobile\">Este sitio web utiliza cookies propias y de terceros para mejorar la experiencia de navegaci\u00f3n, realizar an\u00e1lisis estad\u00edsticos y mostrar contenido personalizado.<\/p><\/div>\n\n\n\n<div style=\"height:20px\" aria-hidden=\"true\" class=\"wp-block-spacer\"><\/div>\n\n\n\n<div class=\"wp-block-stackable-text stk-block-text stk-block stk-aca8e51\" data-block-id=\"aca8e51\"><style>.stk-aca8e51 {column-count:1 !important;margin-bottom:0px !important;}.stk-aca8e51 .stk-block-text__text{font-size:18px !important;color:var(--global-palette6, var(--global-palette6)) !important;text-transform:uppercase !important;font-family:\"Work Sans\", Sans-serif !important;}@media screen and (max-width: 1023px){.stk-aca8e51 .stk-block-text__text{font-size:18px !important;}}@media screen and (max-width: 767px){.stk-aca8e51 {column-count:1 !important;}}<\/style><p class=\"stk-block-text__text has-text-color has-text-align-center-mobile\">\u00bfQU\u00c9 SON LAS COOKIES?<\/p><\/div>\n\n\n\n<div class=\"wp-block-stackable-text stk-block-text stk-block stk-59600cd\" data-block-id=\"59600cd\"><style>.stk-59600cd {column-count:1 !important;margin-bottom:0px !important;}.stk-59600cd .stk-block-text__text{font-size:var(--stk--preset--font-size--medium, var(--global-font-size-medium)) !important;color:var(--global-palette6, var(--global-palette6)) !important;}@media screen and (max-width: 1023px){.stk-59600cd .stk-block-text__text{font-size:var(--stk--preset--font-size--medium, var(--global-font-size-medium)) !important;}}@media screen and (max-width: 767px){.stk-59600cd {column-count:1 !important;}}<\/style><p class=\"stk-block-text__text has-text-color has-text-align-center-mobile\">Las cookies son peque\u00f1os archivos de texto que se almacenan en tu navegador cuando visitas una p\u00e1gina web. Sirven para reconocer tu dispositivo, recordar tus preferencias o recoger datos estad\u00edsticos de navegaci\u00f3n.<\/p><\/div>\n\n\n\n<div style=\"height:20px\" aria-hidden=\"true\" class=\"wp-block-spacer\"><\/div>\n\n\n\n<div class=\"wp-block-stackable-text stk-block-text stk-block stk-7958dff\" data-block-id=\"7958dff\"><style>.stk-7958dff {column-count:1 !important;margin-bottom:0px !important;}.stk-7958dff .stk-block-text__text{font-size:18px !important;color:var(--global-palette6, var(--global-palette6)) !important;text-transform:uppercase !important;font-family:\"Work Sans\", Sans-serif !important;}@media screen and (max-width: 1023px){.stk-7958dff .stk-block-text__text{font-size:18px !important;}}@media screen and (max-width: 767px){.stk-7958dff {column-count:1 !important;}}<\/style><p class=\"stk-block-text__text has-text-color has-text-align-center-mobile\">TIPOS DE COOKIES UTILIZADAS EN ESTE SITIO<\/p><\/div>\n\n\n\n<div class=\"wp-block-stackable-text stk-block-text stk-block stk-ca19231\" data-block-id=\"ca19231\"><style>.stk-ca19231 {column-count:1 !important;margin-bottom:0px !important;}.stk-ca19231 .stk-block-text__text{font-size:var(--stk--preset--font-size--medium, var(--global-font-size-medium)) !important;color:var(--global-palette6, var(--global-palette6)) !important;}@media screen and (max-width: 1023px){.stk-ca19231 .stk-block-text__text{font-size:var(--stk--preset--font-size--medium, var(--global-font-size-medium)) !important;}}@media screen and (max-width: 767px){.stk-ca19231 {column-count:1 !important;}}<\/style><p class=\"stk-block-text__text has-text-color has-text-align-center-mobile\">\u2013 Cookies t\u00e9cnicas: necesarias para el funcionamiento b\u00e1sico del sitio.<br>\u2013 Cookies de an\u00e1lisis: utilizadas de forma an\u00f3nima para recopilar informaci\u00f3n sobre el uso del sitio.<br>\u2013 Cookies de terceros: como Google Fonts, herramientas de an\u00e1lisis o formularios.<\/p><\/div>\n\n\n\n<div style=\"height:20px\" aria-hidden=\"true\" class=\"wp-block-spacer\"><\/div>\n\n\n\n<div class=\"wp-block-stackable-text stk-block-text stk-block stk-0c6b384\" data-block-id=\"0c6b384\"><style>.stk-0c6b384 {column-count:1 !important;margin-bottom:0px !important;}.stk-0c6b384 .stk-block-text__text{font-size:18px !important;color:var(--global-palette6, var(--global-palette6)) !important;text-transform:uppercase !important;font-family:\"Work Sans\", Sans-serif !important;}@media screen and (max-width: 1023px){.stk-0c6b384 .stk-block-text__text{font-size:18px !important;}}@media screen and (max-width: 767px){.stk-0c6b384 {column-count:1 !important;}}<\/style><p class=\"stk-block-text__text has-text-color has-text-align-center-mobile\">CONSENTIMIENTO<\/p><\/div>\n\n\n\n<div class=\"wp-block-stackable-text stk-block-text stk-block stk-4a97136\" data-block-id=\"4a97136\"><style>.stk-4a97136 {column-count:1 !important;margin-bottom:0px !important;}.stk-4a97136 .stk-block-text__text{font-size:var(--stk--preset--font-size--medium, var(--global-font-size-medium)) !important;color:var(--global-palette6, var(--global-palette6)) !important;}@media screen and (max-width: 1023px){.stk-4a97136 .stk-block-text__text{font-size:var(--stk--preset--font-size--medium, var(--global-font-size-medium)) !important;}}@media screen and (max-width: 767px){.stk-4a97136 {column-count:1 !important;}}<\/style><p class=\"stk-block-text__text has-text-color has-text-align-center-mobile\">Las cookies no esenciales se instalar\u00e1n \u00fanicamente si el usuario da su consentimiento expreso. Al continuar navegando por esta web, aceptas el uso de las cookies seleccionadas en el banner de configuraci\u00f3n.<\/p><\/div>\n\n\n\n<div style=\"height:20px\" aria-hidden=\"true\" class=\"wp-block-spacer\"><\/div>\n\n\n\n<div class=\"wp-block-stackable-text stk-block-text stk-block stk-5679570\" data-block-id=\"5679570\"><style>.stk-5679570 {column-count:1 !important;margin-bottom:0px !important;}.stk-5679570 .stk-block-text__text{font-size:18px !important;color:var(--global-palette6, var(--global-palette6)) !important;text-transform:uppercase !important;font-family:\"Work Sans\", Sans-serif !important;}@media screen and (max-width: 1023px){.stk-5679570 .stk-block-text__text{font-size:18px !important;}}@media screen and (max-width: 767px){.stk-5679570 {column-count:1 !important;}}<\/style><p class=\"stk-block-text__text has-text-color has-text-align-center-mobile\">C\u00d3MO DESHABILITAR LAS COOKIES<\/p><\/div>\n\n\n\n<div class=\"wp-block-stackable-text stk-block-text stk-block stk-806502e\" data-block-id=\"806502e\"><style>.stk-806502e {column-count:1 !important;margin-bottom:0px !important;}.stk-806502e .stk-block-text__text{font-size:var(--stk--preset--font-size--medium, var(--global-font-size-medium)) !important;color:var(--global-palette6, var(--global-palette6)) !important;}@media screen and (max-width: 1023px){.stk-806502e .stk-block-text__text{font-size:var(--stk--preset--font-size--medium, var(--global-font-size-medium)) !important;}}@media screen and (max-width: 767px){.stk-806502e {column-count:1 !important;}}<\/style><p class=\"stk-block-text__text has-text-color has-text-align-center-mobile\">Puedes gestionar o eliminar las cookies desde la configuraci\u00f3n de tu navegador:<br>\u2013 En Chrome: Configuraci\u00f3n &gt; Privacidad y seguridad &gt; Cookies<br>\u2013 En Firefox: Opciones &gt; Privacidad y seguridad<br>\u2013 En Safari: Preferencias &gt; Privacidad<br>\u2013 En Edge: Configuraci\u00f3n &gt; Cookies y permisos del sitio<\/p><\/div>\n\n\n\n<div style=\"height:20px\" aria-hidden=\"true\" class=\"wp-block-spacer\"><\/div>\n\n\n\n<div class=\"wp-block-stackable-text stk-block-text stk-block stk-2fcc9c2\" data-block-id=\"2fcc9c2\"><style>.stk-2fcc9c2 {column-count:1 !important;margin-bottom:0px !important;}.stk-2fcc9c2 .stk-block-text__text{font-size:18px !important;color:var(--global-palette6, var(--global-palette6)) !important;text-transform:uppercase !important;font-family:\"Work Sans\", Sans-serif !important;}@media screen and (max-width: 1023px){.stk-2fcc9c2 .stk-block-text__text{font-size:18px !important;}}@media screen and (max-width: 767px){.stk-2fcc9c2 {column-count:1 !important;}}<\/style><p class=\"stk-block-text__text has-text-color has-text-align-center-mobile\">RESPONSABLE<\/p><\/div>\n\n\n\n<div class=\"wp-block-stackable-text stk-block-text stk-block stk-4a32b39\" data-block-id=\"4a32b39\"><style>.stk-4a32b39 {column-count:1 !important;margin-bottom:0px !important;}.stk-4a32b39 .stk-block-text__text{font-size:var(--stk--preset--font-size--medium, var(--global-font-size-medium)) !important;color:var(--global-palette6, var(--global-palette6)) !important;}@media screen and (max-width: 1023px){.stk-4a32b39 .stk-block-text__text{font-size:var(--stk--preset--font-size--medium, var(--global-font-size-medium)) !important;}}@media screen and (max-width: 767px){.stk-4a32b39 {column-count:1 !important;}}<\/style><p class=\"stk-block-text__text has-text-color has-text-align-center-mobile\">Esta p\u00e1gina es propiedad de Little Diamonds.<br>Correo de contacto: pets.extravaganza@littlediamonds.es<\/p><\/div>\n\n\n\n<div style=\"height:50px\" aria-hidden=\"true\" class=\"wp-block-spacer\"><\/div>\n\n\n<div class=\"aligncenter wp-block-site-logo\"><a href=\"https:\/\/littlediamonds.es\/en\/\" class=\"custom-logo-link\" rel=\"home\"><img loading=\"lazy\" decoding=\"async\" width=\"250\" height=\"100\" src=\"https:\/\/littlediamonds.es\/wp-content\/uploads\/2026\/01\/cropped-Little-diamonds-TIENDA-MASCOTAS.png\" class=\"custom-logo\" alt=\"cropped Little diamonds TIENDA MASCOTAS.png\" srcset=\"https:\/\/littlediamonds.es\/wp-content\/uploads\/2026\/01\/cropped-Little-diamonds-TIENDA-MASCOTAS.png 1400w, https:\/\/littlediamonds.es\/wp-content\/uploads\/2026\/01\/cropped-Little-diamonds-TIENDA-MASCOTAS-300x120.png 300w, https:\/\/littlediamonds.es\/wp-content\/uploads\/2026\/01\/cropped-Little-diamonds-TIENDA-MASCOTAS-1024x410.png 1024w, https:\/\/littlediamonds.es\/wp-content\/uploads\/2026\/01\/cropped-Little-diamonds-TIENDA-MASCOTAS-768x307.png 768w, https:\/\/littlediamonds.es\/wp-content\/uploads\/2026\/01\/cropped-Little-diamonds-TIENDA-MASCOTAS-18x7.png 18w\" sizes=\"auto, (max-width: 250px) 100vw, 250px\" \/><\/a><\/div>\n\n\n<div style=\"height:50px\" aria-hidden=\"true\" class=\"wp-block-spacer\"><\/div>","protected":false},"excerpt":{"rendered":"<p>Pol\u00edtica de Cookies Este sitio web utiliza cookies propias y de terceros para mejorar la experiencia de navegaci\u00f3n, realizar an\u00e1lisis estad\u00edsticos y mostrar contenido personalizado. \u00bfQU\u00c9 SON LAS COOKIES? Las cookies son peque\u00f1os archivos de texto que se almacenan en tu navegador cuando visitas una p\u00e1gina web. Sirven para reconocer tu dispositivo, recordar tus preferencias&#8230;<\/p>","protected":false},"author":2,"featured_media":0,"parent":0,"menu_order":0,"comment_status":"closed","ping_status":"closed","template":"","meta":{"_kad_post_transparent":"disable","_kad_post_title":"hide","_kad_post_layout":"","_kad_post_sidebar_id":"","_kad_post_content_style":"unboxed","_kad_post_vertical_padding":"","_kad_post_feature":"","_kad_post_feature_position":"","_kad_post_header":false,"_kad_post_footer":false,"footnotes":""},"class_list":["post-927","page","type-page","status-publish","hentry"],"yoast_head":"<!-- This site is optimized with the Yoast SEO plugin v27.5 - https:\/\/yoast.com\/product\/yoast-seo-wordpress\/ -->\n<title>Pol\u00edtica de Cookies | Little Diamonds<\/title>\n<meta name=\"description\" content=\"Dise\u00f1o y accesorios premium para mascotas. Cat\u00e1logo exclusivo, materiales de alta calidad y estilo atemporal. Solicita tu pieza ideal.\" \/>\n<meta name=\"robots\" content=\"index, follow, max-snippet:-1, max-image-preview:large, max-video-preview:-1\" \/>\n<link rel=\"canonical\" href=\"https:\/\/littlediamonds.es\/en\/politica-de-cookies\/\" \/>\n<meta property=\"og:locale\" content=\"en_US\" \/>\n<meta property=\"og:type\" content=\"article\" \/>\n<meta property=\"og:title\" content=\"Pol\u00edtica de Cookies | Little Diamonds\" \/>\n<meta property=\"og:description\" content=\"Dise\u00f1o y accesorios premium para mascotas. Cat\u00e1logo exclusivo, materiales de alta calidad y estilo atemporal. Solicita tu pieza ideal.\" \/>\n<meta property=\"og:url\" content=\"https:\/\/littlediamonds.es\/en\/politica-de-cookies\/\" \/>\n<meta property=\"og:site_name\" content=\"Little Diamonds\" \/>\n<meta property=\"article:modified_time\" content=\"2025-08-26T12:46:08+00:00\" \/>\n<meta property=\"og:image\" content=\"https:\/\/littlediamonds.es\/wp-content\/uploads\/2025\/06\/ATELIER-DOG-BED-PREMIUM-DIAMOND-1-scaled.jpg\" \/>\n\t<meta property=\"og:image:width\" content=\"2560\" \/>\n\t<meta property=\"og:image:height\" content=\"1706\" \/>\n\t<meta property=\"og:image:type\" content=\"image\/jpeg\" \/>\n<meta name=\"twitter:card\" content=\"summary_large_image\" \/>\n<meta name=\"twitter:label1\" content=\"Est. reading time\" \/>\n\t<meta name=\"twitter:data1\" content=\"1 minute\" \/>\n<script type=\"application\/ld+json\" class=\"yoast-schema-graph\">{\"@context\":\"https:\\\/\\\/schema.org\",\"@graph\":[{\"@type\":\"WebPage\",\"@id\":\"https:\\\/\\\/littlediamonds.es\\\/politica-de-cookies\\\/\",\"url\":\"https:\\\/\\\/littlediamonds.es\\\/politica-de-cookies\\\/\",\"name\":\"Pol\u00edtica de Cookies | Little Diamonds\",\"isPartOf\":{\"@id\":\"https:\\\/\\\/littlediamonds.es\\\/#website\"},\"datePublished\":\"2025-08-26T12:12:26+00:00\",\"dateModified\":\"2025-08-26T12:46:08+00:00\",\"description\":\"Dise\u00f1o y accesorios premium para mascotas. Cat\u00e1logo exclusivo, materiales de alta calidad y estilo atemporal. Solicita tu pieza ideal.\",\"breadcrumb\":{\"@id\":\"https:\\\/\\\/littlediamonds.es\\\/politica-de-cookies\\\/#breadcrumb\"},\"inLanguage\":\"en-US\",\"potentialAction\":[{\"@type\":\"ReadAction\",\"target\":[\"https:\\\/\\\/littlediamonds.es\\\/politica-de-cookies\\\/\"]}]},{\"@type\":\"BreadcrumbList\",\"@id\":\"https:\\\/\\\/littlediamonds.es\\\/politica-de-cookies\\\/#breadcrumb\",\"itemListElement\":[{\"@type\":\"ListItem\",\"position\":1,\"name\":\"Portada\",\"item\":\"https:\\\/\\\/littlediamonds.es\\\/\"},{\"@type\":\"ListItem\",\"position\":2,\"name\":\"Pol\u00edtica de Cookies\"}]},{\"@type\":\"WebSite\",\"@id\":\"https:\\\/\\\/littlediamonds.es\\\/#website\",\"url\":\"https:\\\/\\\/littlediamonds.es\\\/\",\"name\":\"Little diamonds | Luxury Atelier for Pets Extravaganza\",\"description\":\"Dise\u00f1o y accesorios premium para mascotas. Cat\u00e1logo exclusivo, materiales de alta calidad y estilo atemporal. Solicita tu pieza ideal.\",\"publisher\":{\"@id\":\"https:\\\/\\\/littlediamonds.es\\\/#organization\"},\"potentialAction\":[{\"@type\":\"SearchAction\",\"target\":{\"@type\":\"EntryPoint\",\"urlTemplate\":\"https:\\\/\\\/littlediamonds.es\\\/?s={search_term_string}\"},\"query-input\":{\"@type\":\"PropertyValueSpecification\",\"valueRequired\":true,\"valueName\":\"search_term_string\"}}],\"inLanguage\":\"en-US\"},{\"@type\":\"Organization\",\"@id\":\"https:\\\/\\\/littlediamonds.es\\\/#organization\",\"name\":\"Little Diamonds\",\"url\":\"https:\\\/\\\/littlediamonds.es\\\/\",\"logo\":{\"@type\":\"ImageObject\",\"inLanguage\":\"en-US\",\"@id\":\"https:\\\/\\\/littlediamonds.es\\\/#\\\/schema\\\/logo\\\/image\\\/\",\"url\":\"https:\\\/\\\/littlediamonds.es\\\/wp-content\\\/uploads\\\/2026\\\/01\\\/cropped-Little-diamonds-TIENDA-MASCOTAS.png\",\"contentUrl\":\"https:\\\/\\\/littlediamonds.es\\\/wp-content\\\/uploads\\\/2026\\\/01\\\/cropped-Little-diamonds-TIENDA-MASCOTAS.png\",\"width\":1400,\"height\":560,\"caption\":\"Little Diamonds\"},\"image\":{\"@id\":\"https:\\\/\\\/littlediamonds.es\\\/#\\\/schema\\\/logo\\\/image\\\/\"},\"sameAs\":[\"https:\\\/\\\/www.instagram.com\\\/littlediamonds.luxuryatelier\\\/?utm_source=ig_web_button_share_sheet\"]}]}<\/script>\n<!-- \/ Yoast SEO plugin. -->","yoast_head_json":{"title":"Pol\u00edtica de Cookies | Little Diamonds","description":"Dise\u00f1o y accesorios premium para mascotas. Cat\u00e1logo exclusivo, materiales de alta calidad y estilo atemporal. Solicita tu pieza ideal.","robots":{"index":"index","follow":"follow","max-snippet":"max-snippet:-1","max-image-preview":"max-image-preview:large","max-video-preview":"max-video-preview:-1"},"canonical":"https:\/\/littlediamonds.es\/en\/politica-de-cookies\/","og_locale":"en_US","og_type":"article","og_title":"Pol\u00edtica de Cookies | Little Diamonds","og_description":"Dise\u00f1o y accesorios premium para mascotas. Cat\u00e1logo exclusivo, materiales de alta calidad y estilo atemporal. Solicita tu pieza ideal.","og_url":"https:\/\/littlediamonds.es\/en\/politica-de-cookies\/","og_site_name":"Little Diamonds","article_modified_time":"2025-08-26T12:46:08+00:00","og_image":[{"width":2560,"height":1706,"url":"https:\/\/littlediamonds.es\/wp-content\/uploads\/2025\/06\/ATELIER-DOG-BED-PREMIUM-DIAMOND-1-scaled.jpg","type":"image\/jpeg"}],"twitter_card":"summary_large_image","twitter_misc":{"Est. reading time":"1 minute"},"schema":{"@context":"https:\/\/schema.org","@graph":[{"@type":"WebPage","@id":"https:\/\/littlediamonds.es\/politica-de-cookies\/","url":"https:\/\/littlediamonds.es\/politica-de-cookies\/","name":"Pol\u00edtica de Cookies | Little Diamonds","isPartOf":{"@id":"https:\/\/littlediamonds.es\/#website"},"datePublished":"2025-08-26T12:12:26+00:00","dateModified":"2025-08-26T12:46:08+00:00","description":"Dise\u00f1o y accesorios premium para mascotas. Cat\u00e1logo exclusivo, materiales de alta calidad y estilo atemporal. Solicita tu pieza ideal.","breadcrumb":{"@id":"https:\/\/littlediamonds.es\/politica-de-cookies\/#breadcrumb"},"inLanguage":"en-US","potentialAction":[{"@type":"ReadAction","target":["https:\/\/littlediamonds.es\/politica-de-cookies\/"]}]},{"@type":"BreadcrumbList","@id":"https:\/\/littlediamonds.es\/politica-de-cookies\/#breadcrumb","itemListElement":[{"@type":"ListItem","position":1,"name":"Portada","item":"https:\/\/littlediamonds.es\/"},{"@type":"ListItem","position":2,"name":"Pol\u00edtica de Cookies"}]},{"@type":"WebSite","@id":"https:\/\/littlediamonds.es\/#website","url":"https:\/\/littlediamonds.es\/","name":"Little diamonds | Luxury Atelier for Pets Extravaganza","description":"Dise\u00f1o y accesorios premium para mascotas. Cat\u00e1logo exclusivo, materiales de alta calidad y estilo atemporal. Solicita tu pieza ideal.","publisher":{"@id":"https:\/\/littlediamonds.es\/#organization"},"potentialAction":[{"@type":"SearchAction","target":{"@type":"EntryPoint","urlTemplate":"https:\/\/littlediamonds.es\/?s={search_term_string}"},"query-input":{"@type":"PropertyValueSpecification","valueRequired":true,"valueName":"search_term_string"}}],"inLanguage":"en-US"},{"@type":"Organization","@id":"https:\/\/littlediamonds.es\/#organization","name":"Little Diamonds","url":"https:\/\/littlediamonds.es\/","logo":{"@type":"ImageObject","inLanguage":"en-US","@id":"https:\/\/littlediamonds.es\/#\/schema\/logo\/image\/","url":"https:\/\/littlediamonds.es\/wp-content\/uploads\/2026\/01\/cropped-Little-diamonds-TIENDA-MASCOTAS.png","contentUrl":"https:\/\/littlediamonds.es\/wp-content\/uploads\/2026\/01\/cropped-Little-diamonds-TIENDA-MASCOTAS.png","width":1400,"height":560,"caption":"Little Diamonds"},"image":{"@id":"https:\/\/littlediamonds.es\/#\/schema\/logo\/image\/"},"sameAs":["https:\/\/www.instagram.com\/littlediamonds.luxuryatelier\/?utm_source=ig_web_button_share_sheet"]}]}},"_links":{"self":[{"href":"https:\/\/littlediamonds.es\/en\/wp-json\/wp\/v2\/pages\/927","targetHints":{"allow":["GET"]}}],"collection":[{"href":"https:\/\/littlediamonds.es\/en\/wp-json\/wp\/v2\/pages"}],"about":[{"href":"https:\/\/littlediamonds.es\/en\/wp-json\/wp\/v2\/types\/page"}],"author":[{"embeddable":true,"href":"https:\/\/littlediamonds.es\/en\/wp-json\/wp\/v2\/users\/2"}],"replies":[{"embeddable":true,"href":"https:\/\/littlediamonds.es\/en\/wp-json\/wp\/v2\/comments?post=927"}],"version-history":[{"count":3,"href":"https:\/\/littlediamonds.es\/en\/wp-json\/wp\/v2\/pages\/927\/revisions"}],"predecessor-version":[{"id":962,"href":"https:\/\/littlediamonds.es\/en\/wp-json\/wp\/v2\/pages\/927\/revisions\/962"}],"wp:attachment":[{"href":"https:\/\/littlediamonds.es\/en\/wp-json\/wp\/v2\/media?parent=927"}],"curies":[{"name":"wp","href":"https:\/\/api.w.org\/{rel}","templated":true}]}}