{"id":591,"date":"2025-08-20T13:56:20","date_gmt":"2025-08-20T11:56:20","guid":{"rendered":"https:\/\/littlediamonds.es\/?page_id=591"},"modified":"2025-12-19T11:49:30","modified_gmt":"2025-12-19T10:49:30","slug":"contacto","status":"publish","type":"page","link":"https:\/\/littlediamonds.es\/en\/contacto\/","title":{"rendered":"Contact"},"content":{"rendered":"<div class=\"wp-block-cover alignfull is-light has-aspect-ratio\" style=\"margin-top:0px;margin-bottom:0px;min-height:100vh;aspect-ratio:16\/9;min-height:unset;\"><img loading=\"lazy\" decoding=\"async\" width=\"1707\" height=\"2560\" class=\"wp-block-cover__image-background wp-image-42 size-full\" alt=\"\" src=\"http:\/\/littlediamonds.es\/wp-content\/uploads\/2025\/06\/ATELIER-PREMIUM-DOG-LITTLE-DIAMONDS-10-scaled.jpg\" style=\"object-position:67% 60%\" data-object-fit=\"cover\" data-object-position=\"67% 60%\" srcset=\"https:\/\/littlediamonds.es\/wp-content\/uploads\/2025\/06\/ATELIER-PREMIUM-DOG-LITTLE-DIAMONDS-10-scaled.jpg 1707w, https:\/\/littlediamonds.es\/wp-content\/uploads\/2025\/06\/ATELIER-PREMIUM-DOG-LITTLE-DIAMONDS-10-200x300.jpg 200w, https:\/\/littlediamonds.es\/wp-content\/uploads\/2025\/06\/ATELIER-PREMIUM-DOG-LITTLE-DIAMONDS-10-683x1024.jpg 683w, https:\/\/littlediamonds.es\/wp-content\/uploads\/2025\/06\/ATELIER-PREMIUM-DOG-LITTLE-DIAMONDS-10-768x1152.jpg 768w, https:\/\/littlediamonds.es\/wp-content\/uploads\/2025\/06\/ATELIER-PREMIUM-DOG-LITTLE-DIAMONDS-10-1024x1536.jpg 1024w, https:\/\/littlediamonds.es\/wp-content\/uploads\/2025\/06\/ATELIER-PREMIUM-DOG-LITTLE-DIAMONDS-10-1365x2048.jpg 1365w\" sizes=\"auto, (max-width: 1707px) 100vw, 1707px\" \/><span aria-hidden=\"true\" class=\"wp-block-cover__background has-background-dim-0 has-background-dim\" style=\"background-color:#b3ab9d\"><\/span><div class=\"wp-block-cover__inner-container is-layout-constrained wp-block-cover-is-layout-constrained\">\n<p class=\"has-text-align-center has-large-font-size\"><\/p>\n<\/div><\/div>\n\n\n\n<div style=\"height:50px\" aria-hidden=\"true\" class=\"wp-block-spacer\"><\/div>\n\n\n\n<p class=\"has-text-align-center has-theme-palette-6-color has-text-color has-link-color has-medium-font-size wp-elements-269570ef7139c1fb6d77e4874609ad18\" style=\"padding-right:var(--wp--preset--spacing--60);padding-left:var(--wp--preset--spacing--60)\">We would\u00a0be delighted to help you create a unique piece for your little diamond.\u00a0<\/p>\n\n\n\n<p class=\"has-text-align-center has-theme-palette-6-color has-text-color has-link-color has-medium-font-size wp-elements-cf365df05aaac9e7750425b0d88aa596\" style=\"padding-right:var(--wp--preset--spacing--60);padding-left:var(--wp--preset--spacing--60)\">We invite you to start the Little Diamonds experience by completing the following questionnaire:\u00a0<br><a href=\"https:\/\/littlediamonds.es\/index.php\/formulario\/\">FILL OUT THE TAILOR-MADE SURVEY\u00a0<\/a><\/p>\n\n\n\n<div style=\"height:20px\" aria-hidden=\"true\" class=\"wp-block-spacer\"><\/div>\n\n\n\n<p class=\"has-text-align-center has-theme-palette-6-color has-text-color has-link-color has-medium-font-size wp-elements-265c65f8b689c604642d7a940c8bcbca\" style=\"padding-right:var(--wp--preset--spacing--60);padding-left:var(--wp--preset--spacing--60)\">If you prefer, you can write to us<br>directly on WhatsApp <a href=\"https:\/\/wa.me\/34611425548\">611425548<\/a><br>or by email<br><strong><a href=\"mailto:pets.extravaganza@littlediamonds.es\">pets.extravaganza@littlediamonds.es<\/a><\/strong><\/p>\n\n\n\n<div style=\"height:50px\" aria-hidden=\"true\" class=\"wp-block-spacer\"><\/div>\n\n\n\n<div class=\"wp-block-group has-theme-palette-6-background-color has-background\" style=\"margin-top:0px;margin-bottom:0px\"><div class=\"wp-block-group__inner-container is-layout-constrained wp-block-group-is-layout-constrained\">\n<div style=\"height:5px\" aria-hidden=\"true\" class=\"wp-block-spacer\"><\/div>\n\n\n<style>.wp-block-kadence-column.kb-section-dir-horizontal > .kt-inside-inner-col > .kt-info-box591_b07096-ff .kt-blocks-info-box-link-wrap{max-width:unset;}.kt-info-box591_b07096-ff .kt-blocks-info-box-link-wrap{background:var(--global-palette7, #EDF2F7);padding-top:var(--global-kb-spacing-xs, 1rem);padding-right:var(--global-kb-spacing-xs, 1rem);padding-bottom:var(--global-kb-spacing-xs, 1rem);padding-left:var(--global-kb-spacing-xs, 1rem);}.kt-info-box591_b07096-ff.wp-block-kadence-infobox{max-width:100%;}.kt-info-box591_b07096-ff .kadence-info-box-image-inner-intrisic-container{max-width:200px;}.kt-info-box591_b07096-ff .kadence-info-box-image-inner-intrisic-container .kadence-info-box-image-intrisic{padding-bottom:100%;width:300px;height:0px;max-width:100%;}.kt-info-box591_b07096-ff .kadence-info-box-icon-container .kt-info-svg-icon, .kt-info-box591_b07096-ff .kt-info-svg-icon-flip, .kt-info-box591_b07096-ff .kt-blocks-info-box-number{font-size:50px;}.kt-info-box591_b07096-ff .kt-blocks-info-box-media{border-radius:200px;overflow:hidden;border-top-width:0px;border-right-width:0px;border-bottom-width:0px;border-left-width:0px;padding-top:10px;padding-right:10px;padding-bottom:10px;padding-left:10px;}.kt-info-box591_b07096-ff .kt-blocks-info-box-media-container{margin-top:0px;margin-right:15px;margin-bottom:0px;margin-left:15px;}.kt-info-box591_b07096-ff .kt-blocks-info-box-media .kadence-info-box-image-intrisic img{border-radius:200px;}.kt-info-box591_b07096-ff .kt-infobox-textcontent .kt-blocks-info-box-text{color:var(--global-palette4, #2D3748);}.wp-block-kadence-infobox.kt-info-box591_b07096-ff .kt-blocks-info-box-text{font-size:var(--global-kb-font-size-md, 1.25rem);}.kt-info-box591_b07096-ff .kt-blocks-info-box-learnmore{background:transparent;border-width:0px 0px 0px 0px;padding-top:4px;padding-right:8px;padding-bottom:4px;padding-left:8px;margin-top:10px;margin-right:0px;margin-bottom:10px;margin-left:0px;}<\/style>\n<div class=\"wp-block-kadence-infobox kt-info-box591_b07096-ff\"><span class=\"kt-blocks-info-box-link-wrap info-box-link kt-blocks-info-box-media-align-top kt-info-halign-center\"><div class=\"kt-blocks-info-box-media-container\"><div class=\"kt-blocks-info-box-media kt-info-media-animate-none\"><div class=\"kadence-info-box-image-inner-intrisic-container\"><div class=\"kadence-info-box-image-intrisic kt-info-animate-none kb-info-box-image-ratio kb-info-box-image-ratio-square\"><div class=\"kadence-info-box-image-inner-intrisic\"><img loading=\"lazy\" decoding=\"async\" src=\"https:\/\/littlediamonds.es\/wp-content\/uploads\/2025\/06\/ATELIER-DOG-BED-PREMIUM-DIAMOND-yulia-300x300.jpg\" alt=\"\" width=\"300\" height=\"300\" class=\"kt-info-box-image wp-image-55\" srcset=\"https:\/\/littlediamonds.es\/wp-content\/uploads\/2025\/06\/ATELIER-DOG-BED-PREMIUM-DIAMOND-yulia-300x300.jpg 300w, https:\/\/littlediamonds.es\/wp-content\/uploads\/2025\/06\/ATELIER-DOG-BED-PREMIUM-DIAMOND-yulia-1024x1024.jpg 1024w, https:\/\/littlediamonds.es\/wp-content\/uploads\/2025\/06\/ATELIER-DOG-BED-PREMIUM-DIAMOND-yulia-150x150.jpg 150w, https:\/\/littlediamonds.es\/wp-content\/uploads\/2025\/06\/ATELIER-DOG-BED-PREMIUM-DIAMOND-yulia-768x768.jpg 768w, https:\/\/littlediamonds.es\/wp-content\/uploads\/2025\/06\/ATELIER-DOG-BED-PREMIUM-DIAMOND-yulia-1536x1536.jpg 1536w, https:\/\/littlediamonds.es\/wp-content\/uploads\/2025\/06\/ATELIER-DOG-BED-PREMIUM-DIAMOND-yulia.jpg 1647w\" sizes=\"auto, (max-width: 300px) 100vw, 300px\" \/><\/div><\/div><\/div><\/div><\/div><div class=\"kt-infobox-textcontent\"><p class=\"kt-blocks-info-box-text\">If you choose Little Diamonds, our designers will guide you step by step<br>through a personalized creative journey to help you find the perfect selection.\u00a0<\/p><\/div><\/span><\/div>\n\n\n\n<div style=\"height:10px\" aria-hidden=\"true\" class=\"wp-block-spacer\"><\/div>\n<\/div><\/div>","protected":false},"excerpt":{"rendered":"<p>Estaremos encantados de ayudarte a crear una pieza \u00fanica para tu peque\u00f1o diamante. Te invitamos a disfrutar de la experiencia Little Diamonds, completando la siguiente encuesta, tu viaje empieza aqu\u00ed:RELLENA LA ENCUESTA PERSONALIZADA Si lo prefieres, puedes escribirnosdirectamente a nuestro WhatsApp 611425548o a nuestro correo electr\u00f3nicopets.extravaganza@littlediamonds.es<\/p>","protected":false},"author":2,"featured_media":0,"parent":0,"menu_order":0,"comment_status":"closed","ping_status":"closed","template":"","meta":{"_kad_post_transparent":"default","_kad_post_title":"hide","_kad_post_layout":"fullwidth","_kad_post_sidebar_id":"","_kad_post_content_style":"unboxed","_kad_post_vertical_padding":"","_kad_post_feature":"","_kad_post_feature_position":"","_kad_post_header":false,"_kad_post_footer":false,"footnotes":""},"class_list":["post-591","page","type-page","status-publish","hentry"],"yoast_head":"<!-- This site is optimized with the Yoast SEO plugin v27.5 - https:\/\/yoast.com\/product\/yoast-seo-wordpress\/ -->\n<title>Contacto | Little Diamonds<\/title>\n<meta name=\"description\" content=\"Contacta con Little Diamonds y crea una pieza \u00fanica para tu peque\u00f1o diamante. Atenci\u00f3n personalizada y dise\u00f1o artesanal de lujo.\" \/>\n<meta name=\"robots\" content=\"index, follow, max-snippet:-1, max-image-preview:large, max-video-preview:-1\" \/>\n<link rel=\"canonical\" href=\"https:\/\/littlediamonds.es\/en\/contacto\/\" \/>\n<meta property=\"og:locale\" content=\"en_US\" \/>\n<meta property=\"og:type\" content=\"article\" \/>\n<meta property=\"og:title\" content=\"Contacto | Little Diamonds\" \/>\n<meta property=\"og:description\" content=\"Hablemos de tu peque\u00f1o diamante. En Little Diamonds te ayudamos a crear una pieza exclusiva con dise\u00f1o y dedicaci\u00f3n artesanal.\" \/>\n<meta property=\"og:url\" content=\"https:\/\/littlediamonds.es\/en\/contacto\/\" \/>\n<meta property=\"og:site_name\" content=\"Little Diamonds\" \/>\n<meta property=\"article:modified_time\" content=\"2025-12-19T10:49:30+00:00\" \/>\n<meta property=\"og:image\" content=\"https:\/\/littlediamonds.es\/wp-content\/uploads\/2025\/06\/ATELIER-PREMIUM-DOG-LITTLE-DIAMONDS-10-scaled.jpg\" \/>\n\t<meta property=\"og:image:width\" content=\"1707\" \/>\n\t<meta property=\"og:image:height\" content=\"2560\" \/>\n\t<meta property=\"og:image:type\" content=\"image\/jpeg\" \/>\n<meta name=\"twitter:card\" content=\"summary_large_image\" \/>\n<meta name=\"twitter:label1\" content=\"Est. reading time\" \/>\n\t<meta name=\"twitter:data1\" content=\"1 minute\" \/>\n<script type=\"application\/ld+json\" class=\"yoast-schema-graph\">{\"@context\":\"https:\\\/\\\/schema.org\",\"@graph\":[{\"@type\":\"WebPage\",\"@id\":\"https:\\\/\\\/littlediamonds.es\\\/contacto\\\/\",\"url\":\"https:\\\/\\\/littlediamonds.es\\\/contacto\\\/\",\"name\":\"Contacto | Little Diamonds\",\"isPartOf\":{\"@id\":\"https:\\\/\\\/littlediamonds.es\\\/#website\"},\"primaryImageOfPage\":{\"@id\":\"https:\\\/\\\/littlediamonds.es\\\/contacto\\\/#primaryimage\"},\"image\":{\"@id\":\"https:\\\/\\\/littlediamonds.es\\\/contacto\\\/#primaryimage\"},\"thumbnailUrl\":\"http:\\\/\\\/littlediamonds.es\\\/wp-content\\\/uploads\\\/2025\\\/06\\\/ATELIER-PREMIUM-DOG-LITTLE-DIAMONDS-10-scaled.jpg\",\"datePublished\":\"2025-08-20T11:56:20+00:00\",\"dateModified\":\"2025-12-19T10:49:30+00:00\",\"description\":\"Contacta con Little Diamonds y crea una pieza \u00fanica para tu peque\u00f1o diamante. Atenci\u00f3n personalizada y dise\u00f1o artesanal de lujo.\",\"breadcrumb\":{\"@id\":\"https:\\\/\\\/littlediamonds.es\\\/contacto\\\/#breadcrumb\"},\"inLanguage\":\"en-US\",\"potentialAction\":[{\"@type\":\"ReadAction\",\"target\":[\"https:\\\/\\\/littlediamonds.es\\\/contacto\\\/\"]}]},{\"@type\":\"ImageObject\",\"inLanguage\":\"en-US\",\"@id\":\"https:\\\/\\\/littlediamonds.es\\\/contacto\\\/#primaryimage\",\"url\":\"http:\\\/\\\/littlediamonds.es\\\/wp-content\\\/uploads\\\/2025\\\/06\\\/ATELIER-PREMIUM-DOG-LITTLE-DIAMONDS-10-scaled.jpg\",\"contentUrl\":\"http:\\\/\\\/littlediamonds.es\\\/wp-content\\\/uploads\\\/2025\\\/06\\\/ATELIER-PREMIUM-DOG-LITTLE-DIAMONDS-10-scaled.jpg\"},{\"@type\":\"BreadcrumbList\",\"@id\":\"https:\\\/\\\/littlediamonds.es\\\/contacto\\\/#breadcrumb\",\"itemListElement\":[{\"@type\":\"ListItem\",\"position\":1,\"name\":\"Portada\",\"item\":\"https:\\\/\\\/littlediamonds.es\\\/\"},{\"@type\":\"ListItem\",\"position\":2,\"name\":\"Contacto\"}]},{\"@type\":\"WebSite\",\"@id\":\"https:\\\/\\\/littlediamonds.es\\\/#website\",\"url\":\"https:\\\/\\\/littlediamonds.es\\\/\",\"name\":\"Little diamonds | Luxury Atelier for Pets Extravaganza\",\"description\":\"Dise\u00f1o y accesorios premium para mascotas. Cat\u00e1logo exclusivo, materiales de alta calidad y estilo atemporal. Solicita tu pieza ideal.\",\"publisher\":{\"@id\":\"https:\\\/\\\/littlediamonds.es\\\/#organization\"},\"potentialAction\":[{\"@type\":\"SearchAction\",\"target\":{\"@type\":\"EntryPoint\",\"urlTemplate\":\"https:\\\/\\\/littlediamonds.es\\\/?s={search_term_string}\"},\"query-input\":{\"@type\":\"PropertyValueSpecification\",\"valueRequired\":true,\"valueName\":\"search_term_string\"}}],\"inLanguage\":\"en-US\"},{\"@type\":\"Organization\",\"@id\":\"https:\\\/\\\/littlediamonds.es\\\/#organization\",\"name\":\"Little Diamonds\",\"url\":\"https:\\\/\\\/littlediamonds.es\\\/\",\"logo\":{\"@type\":\"ImageObject\",\"inLanguage\":\"en-US\",\"@id\":\"https:\\\/\\\/littlediamonds.es\\\/#\\\/schema\\\/logo\\\/image\\\/\",\"url\":\"https:\\\/\\\/littlediamonds.es\\\/wp-content\\\/uploads\\\/2026\\\/01\\\/cropped-Little-diamonds-TIENDA-MASCOTAS.png\",\"contentUrl\":\"https:\\\/\\\/littlediamonds.es\\\/wp-content\\\/uploads\\\/2026\\\/01\\\/cropped-Little-diamonds-TIENDA-MASCOTAS.png\",\"width\":1400,\"height\":560,\"caption\":\"Little Diamonds\"},\"image\":{\"@id\":\"https:\\\/\\\/littlediamonds.es\\\/#\\\/schema\\\/logo\\\/image\\\/\"},\"sameAs\":[\"https:\\\/\\\/www.instagram.com\\\/littlediamonds.luxuryatelier\\\/?utm_source=ig_web_button_share_sheet\"]}]}<\/script>\n<!-- \/ Yoast SEO plugin. -->","yoast_head_json":{"title":"Contacto | Little Diamonds","description":"Contacta con Little Diamonds y crea una pieza \u00fanica para tu peque\u00f1o diamante. Atenci\u00f3n personalizada y dise\u00f1o artesanal de lujo.","robots":{"index":"index","follow":"follow","max-snippet":"max-snippet:-1","max-image-preview":"max-image-preview:large","max-video-preview":"max-video-preview:-1"},"canonical":"https:\/\/littlediamonds.es\/en\/contacto\/","og_locale":"en_US","og_type":"article","og_title":"Contacto | Little Diamonds","og_description":"Hablemos de tu peque\u00f1o diamante. En Little Diamonds te ayudamos a crear una pieza exclusiva con dise\u00f1o y dedicaci\u00f3n artesanal.","og_url":"https:\/\/littlediamonds.es\/en\/contacto\/","og_site_name":"Little Diamonds","article_modified_time":"2025-12-19T10:49:30+00:00","og_image":[{"width":1707,"height":2560,"url":"https:\/\/littlediamonds.es\/wp-content\/uploads\/2025\/06\/ATELIER-PREMIUM-DOG-LITTLE-DIAMONDS-10-scaled.jpg","type":"image\/jpeg"}],"twitter_card":"summary_large_image","twitter_misc":{"Est. reading time":"1 minute"},"schema":{"@context":"https:\/\/schema.org","@graph":[{"@type":"WebPage","@id":"https:\/\/littlediamonds.es\/contacto\/","url":"https:\/\/littlediamonds.es\/contacto\/","name":"Contacto | Little Diamonds","isPartOf":{"@id":"https:\/\/littlediamonds.es\/#website"},"primaryImageOfPage":{"@id":"https:\/\/littlediamonds.es\/contacto\/#primaryimage"},"image":{"@id":"https:\/\/littlediamonds.es\/contacto\/#primaryimage"},"thumbnailUrl":"http:\/\/littlediamonds.es\/wp-content\/uploads\/2025\/06\/ATELIER-PREMIUM-DOG-LITTLE-DIAMONDS-10-scaled.jpg","datePublished":"2025-08-20T11:56:20+00:00","dateModified":"2025-12-19T10:49:30+00:00","description":"Contacta con Little Diamonds y crea una pieza \u00fanica para tu peque\u00f1o diamante. Atenci\u00f3n personalizada y dise\u00f1o artesanal de lujo.","breadcrumb":{"@id":"https:\/\/littlediamonds.es\/contacto\/#breadcrumb"},"inLanguage":"en-US","potentialAction":[{"@type":"ReadAction","target":["https:\/\/littlediamonds.es\/contacto\/"]}]},{"@type":"ImageObject","inLanguage":"en-US","@id":"https:\/\/littlediamonds.es\/contacto\/#primaryimage","url":"http:\/\/littlediamonds.es\/wp-content\/uploads\/2025\/06\/ATELIER-PREMIUM-DOG-LITTLE-DIAMONDS-10-scaled.jpg","contentUrl":"http:\/\/littlediamonds.es\/wp-content\/uploads\/2025\/06\/ATELIER-PREMIUM-DOG-LITTLE-DIAMONDS-10-scaled.jpg"},{"@type":"BreadcrumbList","@id":"https:\/\/littlediamonds.es\/contacto\/#breadcrumb","itemListElement":[{"@type":"ListItem","position":1,"name":"Portada","item":"https:\/\/littlediamonds.es\/"},{"@type":"ListItem","position":2,"name":"Contacto"}]},{"@type":"WebSite","@id":"https:\/\/littlediamonds.es\/#website","url":"https:\/\/littlediamonds.es\/","name":"Little diamonds | Luxury Atelier for Pets Extravaganza","description":"Dise\u00f1o y accesorios premium para mascotas. Cat\u00e1logo exclusivo, materiales de alta calidad y estilo atemporal. Solicita tu pieza ideal.","publisher":{"@id":"https:\/\/littlediamonds.es\/#organization"},"potentialAction":[{"@type":"SearchAction","target":{"@type":"EntryPoint","urlTemplate":"https:\/\/littlediamonds.es\/?s={search_term_string}"},"query-input":{"@type":"PropertyValueSpecification","valueRequired":true,"valueName":"search_term_string"}}],"inLanguage":"en-US"},{"@type":"Organization","@id":"https:\/\/littlediamonds.es\/#organization","name":"Little Diamonds","url":"https:\/\/littlediamonds.es\/","logo":{"@type":"ImageObject","inLanguage":"en-US","@id":"https:\/\/littlediamonds.es\/#\/schema\/logo\/image\/","url":"https:\/\/littlediamonds.es\/wp-content\/uploads\/2026\/01\/cropped-Little-diamonds-TIENDA-MASCOTAS.png","contentUrl":"https:\/\/littlediamonds.es\/wp-content\/uploads\/2026\/01\/cropped-Little-diamonds-TIENDA-MASCOTAS.png","width":1400,"height":560,"caption":"Little Diamonds"},"image":{"@id":"https:\/\/littlediamonds.es\/#\/schema\/logo\/image\/"},"sameAs":["https:\/\/www.instagram.com\/littlediamonds.luxuryatelier\/?utm_source=ig_web_button_share_sheet"]}]}},"_links":{"self":[{"href":"https:\/\/littlediamonds.es\/en\/wp-json\/wp\/v2\/pages\/591","targetHints":{"allow":["GET"]}}],"collection":[{"href":"https:\/\/littlediamonds.es\/en\/wp-json\/wp\/v2\/pages"}],"about":[{"href":"https:\/\/littlediamonds.es\/en\/wp-json\/wp\/v2\/types\/page"}],"author":[{"embeddable":true,"href":"https:\/\/littlediamonds.es\/en\/wp-json\/wp\/v2\/users\/2"}],"replies":[{"embeddable":true,"href":"https:\/\/littlediamonds.es\/en\/wp-json\/wp\/v2\/comments?post=591"}],"version-history":[{"count":33,"href":"https:\/\/littlediamonds.es\/en\/wp-json\/wp\/v2\/pages\/591\/revisions"}],"predecessor-version":[{"id":1698,"href":"https:\/\/littlediamonds.es\/en\/wp-json\/wp\/v2\/pages\/591\/revisions\/1698"}],"wp:attachment":[{"href":"https:\/\/littlediamonds.es\/en\/wp-json\/wp\/v2\/media?parent=591"}],"curies":[{"name":"wp","href":"https:\/\/api.w.org\/{rel}","templated":true}]}}