{"id":587,"date":"2025-08-20T14:33:05","date_gmt":"2025-08-20T12:33:05","guid":{"rendered":"https:\/\/littlediamonds.es\/?page_id=587"},"modified":"2025-12-19T11:41:58","modified_gmt":"2025-12-19T10:41:58","slug":"filosofia","status":"publish","type":"page","link":"https:\/\/littlediamonds.es\/en\/filosofia\/","title":{"rendered":"Philosophy"},"content":{"rendered":"<div class=\"wp-block-cover aligncenter is-light has-aspect-ratio\" style=\"min-height:100vh;aspect-ratio:16\/9;min-height:unset;\"><img loading=\"lazy\" decoding=\"async\" width=\"2560\" height=\"1707\" class=\"wp-block-cover__image-background wp-image-430 size-full\" alt=\"\" src=\"http:\/\/littlediamonds.es\/wp-content\/uploads\/2025\/07\/ATELIER-DOG-BED-PREMIUM-DIAMOND-7-scaled.jpg\" data-object-fit=\"cover\" srcset=\"https:\/\/littlediamonds.es\/wp-content\/uploads\/2025\/07\/ATELIER-DOG-BED-PREMIUM-DIAMOND-7-scaled.jpg 2560w, https:\/\/littlediamonds.es\/wp-content\/uploads\/2025\/07\/ATELIER-DOG-BED-PREMIUM-DIAMOND-7-300x200.jpg 300w, https:\/\/littlediamonds.es\/wp-content\/uploads\/2025\/07\/ATELIER-DOG-BED-PREMIUM-DIAMOND-7-1024x683.jpg 1024w, https:\/\/littlediamonds.es\/wp-content\/uploads\/2025\/07\/ATELIER-DOG-BED-PREMIUM-DIAMOND-7-768x512.jpg 768w, https:\/\/littlediamonds.es\/wp-content\/uploads\/2025\/07\/ATELIER-DOG-BED-PREMIUM-DIAMOND-7-1536x1024.jpg 1536w, https:\/\/littlediamonds.es\/wp-content\/uploads\/2025\/07\/ATELIER-DOG-BED-PREMIUM-DIAMOND-7-2048x1365.jpg 2048w\" sizes=\"auto, (max-width: 2560px) 100vw, 2560px\" \/><span aria-hidden=\"true\" class=\"wp-block-cover__background has-background-dim-0 has-background-dim\" style=\"background-color:#b4aba5\"><\/span><div class=\"wp-block-cover__inner-container is-layout-constrained wp-block-cover-is-layout-constrained\">\n<div class=\"wp-block-stackable-heading stk-block-heading stk-block-heading--v2 stk-block stk-2543f54\" id=\"fundadora-y-disenadora-br-con-sus-pequenos-diamantes\" data-block-id=\"2543f54\"><style>.stk-2543f54 {min-height:var(--stk--preset--block-height--full, 100vh) !important;align-items:flex-end !important;display:flex !important;}.stk-2543f54 .stk-block-heading__text{font-size:var(--stk--preset--font-size--xxlarge, var(--global-font-size-xxlarge)) !important;color:var(--global-palette9, var(--global-palette9)) !important;font-weight:400 !important;font-family:\"Playfair\", Sans-serif !important;}@media screen and (max-width: 1023px){.stk-2543f54 {padding-top:60% !important;}.stk-2543f54 .stk-block-heading__text{font-size:var(--stk--preset--font-size--xxlarge, var(--global-font-size-xxlarge)) !important;}}@media screen and (max-width: 767px){.stk-2543f54 {min-height:400px !important;align-items:flex-start !important;padding-top:var(--stk--preset--spacing--none, 0px) !important;padding-right:var(--stk--preset--spacing--none, 0px) !important;padding-bottom:var(--stk--preset--spacing--none, 0px) !important;padding-left:var(--stk--preset--spacing--none, 0px) !important;margin-top:var(--stk--preset--spacing--none, 0px) !important;margin-right:var(--stk--preset--spacing--none, 0px) !important;margin-bottom:var(--stk--preset--spacing--none, 0px) !important;margin-left:var(--stk--preset--spacing--none, 0px) !important;display:flex !important;}.stk-2543f54 .stk-block-heading__text{font-size:20px !important;}}<\/style><h1 class=\"stk-block-heading__text has-text-color has-text-align-center\">Founder &amp; Designer<br>with\u00a0your\u00a0Little Diamonds\u00a0<\/h1><\/div>\n<\/div><\/div>\n\n\n\n<div style=\"height:50px\" aria-hidden=\"true\" class=\"wp-block-spacer\"><\/div>\n\n\n\n<div class=\"wp-block-stackable-text stk-block-text stk-block stk-0fba0dd\" data-block-id=\"0fba0dd\"><style>.stk-0fba0dd {column-count:1 !important;margin-right:15% !important;margin-bottom:0% !important;margin-left:15% !important;}.stk-0fba0dd .stk-block-text__text{font-size:var(--stk--preset--font-size--medium, var(--global-font-size-medium)) !important;color:var(--global-palette6, var(--global-palette6)) !important;}@media screen and (max-width: 1023px){.stk-0fba0dd {column-count:1 !important;margin-right:var(--stk--preset--spacing--60, 2.25rem) !important;margin-left:var(--stk--preset--spacing--60, 2.25rem) !important;}.stk-0fba0dd .stk-block-text__text{font-size:var(--stk--preset--font-size--medium, var(--global-font-size-medium)) !important;}}@media screen and (max-width: 767px){.stk-0fba0dd {column-count:1 !important;margin-right:var(--stk--preset--spacing--40, 1rem) !important;margin-left:var(--stk--preset--spacing--40, 1rem) !important;}}<\/style><p class=\"stk-block-text__text has-text-color has-text-align-center has-text-align-center-tablet has-text-align-left-mobile\">The world has evolved. Pets are no longer simply companions - they are essential members of the family, a true reflection of an elevated lifestyle and a love that transcends the ordinary.\u00a0It\u2019s\u00a0not enough to care for them: our duty is to\u00a0honor\u00a0them with the same sophistication and distinction that defines every aspect of our environment. \nWhile the market settles for generic, soulless products, we believe that if we live with exclusivity and extravagance, they deserve it as well. The time has come to redefine luxury for our little diamonds.\u00a0<br><br>There is a world where pets receive only the basics. And then there is another universe \u2013 ours -  where these extraordinary beings deserve extraordinary things.\u00a0It\u2019s\u00a0not about offering a\u00a0standard\u00a0bed or a normal collar, but pieces that embody art, exclusivity, and extravagance.\u00a0<br><br>Imagine a universe where every detail radiates elegance. Where a bed becomes a work of art within your home and a collar becomes a true statement of style and fashion.\u00a0<br><br>Just as those who seek distinction turn to\u00a0an\u00a0Haute Couture Atelier, at Little Diamonds we reinvent pet fashion. With artisanal personalization and the excellence of a luxury brand\u00a0we have created\u00a0the 1st luxury Atelier for pets. \nWe\u00a0don\u2019t\u00a0simply offer accessories - we create true jewels for jewels, incomparable pieces protected by exclusive patents that combine\u00a0innovative\u00a0design, unparalleled comfort, and revolutionary functionality.\u00a0<\/p><\/div>\n\n\n\n<div style=\"height:50px\" aria-hidden=\"true\" class=\"wp-block-spacer\"><\/div>","protected":false},"excerpt":{"rendered":"<p>El mundo ha evolucionado. Las mascotas ya no son simples compa\u00f1eros; se han convertido en miembros esenciales de nuestra familia, reflejo aut\u00e9ntico de un estilo de vida inigualable y de un amor que trasciende lo ordinario. No basta con cuidarlas: nuestro deber es honrarlas con la misma sofisticaci\u00f3n y distinci\u00f3n que caracteriza cada aspecto de&#8230;<\/p>","protected":false},"author":2,"featured_media":0,"parent":0,"menu_order":0,"comment_status":"closed","ping_status":"closed","template":"","meta":{"_kad_post_transparent":"disable","_kad_post_title":"hide","_kad_post_layout":"fullwidth","_kad_post_sidebar_id":"","_kad_post_content_style":"unboxed","_kad_post_vertical_padding":"","_kad_post_feature":"","_kad_post_feature_position":"","_kad_post_header":false,"_kad_post_footer":false,"footnotes":""},"class_list":["post-587","page","type-page","status-publish","hentry"],"yoast_head":"<!-- This site is optimized with the Yoast SEO plugin v27.5 - https:\/\/yoast.com\/product\/yoast-seo-wordpress\/ -->\n<title>Filosof\u00eda de lujo para mascotas | Little Diamonds<\/title>\n<meta name=\"description\" content=\"Descubre la filosof\u00eda Little Diamonds: redefinimos el lujo para mascotas con dise\u00f1o artesanal, elegancia y exclusividad en cada detalle.\" \/>\n<meta name=\"robots\" content=\"index, follow, max-snippet:-1, max-image-preview:large, max-video-preview:-1\" \/>\n<link rel=\"canonical\" href=\"https:\/\/littlediamonds.es\/en\/filosofia\/\" \/>\n<meta property=\"og:locale\" content=\"en_US\" \/>\n<meta property=\"og:type\" content=\"article\" \/>\n<meta property=\"og:title\" content=\"Filosof\u00eda de lujo para mascotas\" \/>\n<meta property=\"og:description\" content=\"Una nueva forma de entender el lujo para mascotas. Little Diamonds eleva la elegancia, el confort y la artesan\u00eda a su m\u00e1xima expresi\u00f3n.\" \/>\n<meta property=\"og:url\" content=\"https:\/\/littlediamonds.es\/en\/filosofia\/\" \/>\n<meta property=\"og:site_name\" content=\"Little Diamonds\" \/>\n<meta property=\"article:modified_time\" content=\"2025-12-19T10:41:58+00:00\" \/>\n<meta property=\"og:image\" content=\"https:\/\/littlediamonds.es\/wp-content\/uploads\/2025\/07\/ATELIER-DOG-BED-PREMIUM-DIAMOND-7-scaled.jpg\" \/>\n\t<meta property=\"og:image:width\" content=\"2560\" \/>\n\t<meta property=\"og:image:height\" content=\"1707\" \/>\n\t<meta property=\"og:image:type\" content=\"image\/jpeg\" \/>\n<meta name=\"twitter:card\" content=\"summary_large_image\" \/>\n<meta name=\"twitter:label1\" content=\"Est. reading time\" \/>\n\t<meta name=\"twitter:data1\" content=\"2 minutes\" \/>\n<script type=\"application\/ld+json\" class=\"yoast-schema-graph\">{\"@context\":\"https:\\\/\\\/schema.org\",\"@graph\":[{\"@type\":\"WebPage\",\"@id\":\"https:\\\/\\\/littlediamonds.es\\\/filosofia\\\/\",\"url\":\"https:\\\/\\\/littlediamonds.es\\\/filosofia\\\/\",\"name\":\"Filosof\u00eda de lujo para mascotas | Little Diamonds\",\"isPartOf\":{\"@id\":\"https:\\\/\\\/littlediamonds.es\\\/#website\"},\"primaryImageOfPage\":{\"@id\":\"https:\\\/\\\/littlediamonds.es\\\/filosofia\\\/#primaryimage\"},\"image\":{\"@id\":\"https:\\\/\\\/littlediamonds.es\\\/filosofia\\\/#primaryimage\"},\"thumbnailUrl\":\"http:\\\/\\\/littlediamonds.es\\\/wp-content\\\/uploads\\\/2025\\\/07\\\/ATELIER-DOG-BED-PREMIUM-DIAMOND-7-scaled.jpg\",\"datePublished\":\"2025-08-20T12:33:05+00:00\",\"dateModified\":\"2025-12-19T10:41:58+00:00\",\"description\":\"Descubre la filosof\u00eda Little Diamonds: redefinimos el lujo para mascotas con dise\u00f1o artesanal, elegancia y exclusividad en cada detalle.\",\"breadcrumb\":{\"@id\":\"https:\\\/\\\/littlediamonds.es\\\/filosofia\\\/#breadcrumb\"},\"inLanguage\":\"en-US\",\"potentialAction\":[{\"@type\":\"ReadAction\",\"target\":[\"https:\\\/\\\/littlediamonds.es\\\/filosofia\\\/\"]}]},{\"@type\":\"ImageObject\",\"inLanguage\":\"en-US\",\"@id\":\"https:\\\/\\\/littlediamonds.es\\\/filosofia\\\/#primaryimage\",\"url\":\"http:\\\/\\\/littlediamonds.es\\\/wp-content\\\/uploads\\\/2025\\\/07\\\/ATELIER-DOG-BED-PREMIUM-DIAMOND-7-scaled.jpg\",\"contentUrl\":\"http:\\\/\\\/littlediamonds.es\\\/wp-content\\\/uploads\\\/2025\\\/07\\\/ATELIER-DOG-BED-PREMIUM-DIAMOND-7-scaled.jpg\"},{\"@type\":\"BreadcrumbList\",\"@id\":\"https:\\\/\\\/littlediamonds.es\\\/filosofia\\\/#breadcrumb\",\"itemListElement\":[{\"@type\":\"ListItem\",\"position\":1,\"name\":\"Portada\",\"item\":\"https:\\\/\\\/littlediamonds.es\\\/\"},{\"@type\":\"ListItem\",\"position\":2,\"name\":\"Filosof\u00eda\"}]},{\"@type\":\"WebSite\",\"@id\":\"https:\\\/\\\/littlediamonds.es\\\/#website\",\"url\":\"https:\\\/\\\/littlediamonds.es\\\/\",\"name\":\"Little diamonds | Luxury Atelier for Pets Extravaganza\",\"description\":\"Dise\u00f1o y accesorios premium para mascotas. Cat\u00e1logo exclusivo, materiales de alta calidad y estilo atemporal. Solicita tu pieza ideal.\",\"publisher\":{\"@id\":\"https:\\\/\\\/littlediamonds.es\\\/#organization\"},\"potentialAction\":[{\"@type\":\"SearchAction\",\"target\":{\"@type\":\"EntryPoint\",\"urlTemplate\":\"https:\\\/\\\/littlediamonds.es\\\/?s={search_term_string}\"},\"query-input\":{\"@type\":\"PropertyValueSpecification\",\"valueRequired\":true,\"valueName\":\"search_term_string\"}}],\"inLanguage\":\"en-US\"},{\"@type\":\"Organization\",\"@id\":\"https:\\\/\\\/littlediamonds.es\\\/#organization\",\"name\":\"Little Diamonds\",\"url\":\"https:\\\/\\\/littlediamonds.es\\\/\",\"logo\":{\"@type\":\"ImageObject\",\"inLanguage\":\"en-US\",\"@id\":\"https:\\\/\\\/littlediamonds.es\\\/#\\\/schema\\\/logo\\\/image\\\/\",\"url\":\"https:\\\/\\\/littlediamonds.es\\\/wp-content\\\/uploads\\\/2026\\\/01\\\/cropped-Little-diamonds-TIENDA-MASCOTAS.png\",\"contentUrl\":\"https:\\\/\\\/littlediamonds.es\\\/wp-content\\\/uploads\\\/2026\\\/01\\\/cropped-Little-diamonds-TIENDA-MASCOTAS.png\",\"width\":1400,\"height\":560,\"caption\":\"Little Diamonds\"},\"image\":{\"@id\":\"https:\\\/\\\/littlediamonds.es\\\/#\\\/schema\\\/logo\\\/image\\\/\"},\"sameAs\":[\"https:\\\/\\\/www.instagram.com\\\/littlediamonds.luxuryatelier\\\/?utm_source=ig_web_button_share_sheet\"]}]}<\/script>\n<!-- \/ Yoast SEO plugin. -->","yoast_head_json":{"title":"Filosof\u00eda de lujo para mascotas | Little Diamonds","description":"Descubre la filosof\u00eda Little Diamonds: redefinimos el lujo para mascotas con dise\u00f1o artesanal, elegancia y exclusividad en cada detalle.","robots":{"index":"index","follow":"follow","max-snippet":"max-snippet:-1","max-image-preview":"max-image-preview:large","max-video-preview":"max-video-preview:-1"},"canonical":"https:\/\/littlediamonds.es\/en\/filosofia\/","og_locale":"en_US","og_type":"article","og_title":"Filosof\u00eda de lujo para mascotas","og_description":"Una nueva forma de entender el lujo para mascotas. Little Diamonds eleva la elegancia, el confort y la artesan\u00eda a su m\u00e1xima expresi\u00f3n.","og_url":"https:\/\/littlediamonds.es\/en\/filosofia\/","og_site_name":"Little Diamonds","article_modified_time":"2025-12-19T10:41:58+00:00","og_image":[{"width":2560,"height":1707,"url":"https:\/\/littlediamonds.es\/wp-content\/uploads\/2025\/07\/ATELIER-DOG-BED-PREMIUM-DIAMOND-7-scaled.jpg","type":"image\/jpeg"}],"twitter_card":"summary_large_image","twitter_misc":{"Est. reading time":"2 minutes"},"schema":{"@context":"https:\/\/schema.org","@graph":[{"@type":"WebPage","@id":"https:\/\/littlediamonds.es\/filosofia\/","url":"https:\/\/littlediamonds.es\/filosofia\/","name":"Filosof\u00eda de lujo para mascotas | Little Diamonds","isPartOf":{"@id":"https:\/\/littlediamonds.es\/#website"},"primaryImageOfPage":{"@id":"https:\/\/littlediamonds.es\/filosofia\/#primaryimage"},"image":{"@id":"https:\/\/littlediamonds.es\/filosofia\/#primaryimage"},"thumbnailUrl":"http:\/\/littlediamonds.es\/wp-content\/uploads\/2025\/07\/ATELIER-DOG-BED-PREMIUM-DIAMOND-7-scaled.jpg","datePublished":"2025-08-20T12:33:05+00:00","dateModified":"2025-12-19T10:41:58+00:00","description":"Descubre la filosof\u00eda Little Diamonds: redefinimos el lujo para mascotas con dise\u00f1o artesanal, elegancia y exclusividad en cada detalle.","breadcrumb":{"@id":"https:\/\/littlediamonds.es\/filosofia\/#breadcrumb"},"inLanguage":"en-US","potentialAction":[{"@type":"ReadAction","target":["https:\/\/littlediamonds.es\/filosofia\/"]}]},{"@type":"ImageObject","inLanguage":"en-US","@id":"https:\/\/littlediamonds.es\/filosofia\/#primaryimage","url":"http:\/\/littlediamonds.es\/wp-content\/uploads\/2025\/07\/ATELIER-DOG-BED-PREMIUM-DIAMOND-7-scaled.jpg","contentUrl":"http:\/\/littlediamonds.es\/wp-content\/uploads\/2025\/07\/ATELIER-DOG-BED-PREMIUM-DIAMOND-7-scaled.jpg"},{"@type":"BreadcrumbList","@id":"https:\/\/littlediamonds.es\/filosofia\/#breadcrumb","itemListElement":[{"@type":"ListItem","position":1,"name":"Portada","item":"https:\/\/littlediamonds.es\/"},{"@type":"ListItem","position":2,"name":"Filosof\u00eda"}]},{"@type":"WebSite","@id":"https:\/\/littlediamonds.es\/#website","url":"https:\/\/littlediamonds.es\/","name":"Little diamonds | Luxury Atelier for Pets Extravaganza","description":"Dise\u00f1o y accesorios premium para mascotas. Cat\u00e1logo exclusivo, materiales de alta calidad y estilo atemporal. Solicita tu pieza ideal.","publisher":{"@id":"https:\/\/littlediamonds.es\/#organization"},"potentialAction":[{"@type":"SearchAction","target":{"@type":"EntryPoint","urlTemplate":"https:\/\/littlediamonds.es\/?s={search_term_string}"},"query-input":{"@type":"PropertyValueSpecification","valueRequired":true,"valueName":"search_term_string"}}],"inLanguage":"en-US"},{"@type":"Organization","@id":"https:\/\/littlediamonds.es\/#organization","name":"Little Diamonds","url":"https:\/\/littlediamonds.es\/","logo":{"@type":"ImageObject","inLanguage":"en-US","@id":"https:\/\/littlediamonds.es\/#\/schema\/logo\/image\/","url":"https:\/\/littlediamonds.es\/wp-content\/uploads\/2026\/01\/cropped-Little-diamonds-TIENDA-MASCOTAS.png","contentUrl":"https:\/\/littlediamonds.es\/wp-content\/uploads\/2026\/01\/cropped-Little-diamonds-TIENDA-MASCOTAS.png","width":1400,"height":560,"caption":"Little Diamonds"},"image":{"@id":"https:\/\/littlediamonds.es\/#\/schema\/logo\/image\/"},"sameAs":["https:\/\/www.instagram.com\/littlediamonds.luxuryatelier\/?utm_source=ig_web_button_share_sheet"]}]}},"_links":{"self":[{"href":"https:\/\/littlediamonds.es\/en\/wp-json\/wp\/v2\/pages\/587","targetHints":{"allow":["GET"]}}],"collection":[{"href":"https:\/\/littlediamonds.es\/en\/wp-json\/wp\/v2\/pages"}],"about":[{"href":"https:\/\/littlediamonds.es\/en\/wp-json\/wp\/v2\/types\/page"}],"author":[{"embeddable":true,"href":"https:\/\/littlediamonds.es\/en\/wp-json\/wp\/v2\/users\/2"}],"replies":[{"embeddable":true,"href":"https:\/\/littlediamonds.es\/en\/wp-json\/wp\/v2\/comments?post=587"}],"version-history":[{"count":37,"href":"https:\/\/littlediamonds.es\/en\/wp-json\/wp\/v2\/pages\/587\/revisions"}],"predecessor-version":[{"id":1695,"href":"https:\/\/littlediamonds.es\/en\/wp-json\/wp\/v2\/pages\/587\/revisions\/1695"}],"wp:attachment":[{"href":"https:\/\/littlediamonds.es\/en\/wp-json\/wp\/v2\/media?parent=587"}],"curies":[{"name":"wp","href":"https:\/\/api.w.org\/{rel}","templated":true}]}}